{"id":6,"date":"2025-01-02T22:42:08","date_gmt":"2025-01-02T22:42:08","guid":{"rendered":"https:\/\/jungtech.com.pl\/?page_id=6"},"modified":"2025-02-27T13:25:09","modified_gmt":"2025-02-27T13:25:09","slug":"elementor-6","status":"publish","type":"page","link":"https:\/\/jungtech.com.pl\/","title":{"rendered":"Oferta"},"content":{"rendered":"\t\t<div data-elementor-type=\"wp-post\" data-elementor-id=\"6\" class=\"elementor elementor-6\">\n\t\t\t\t<div class=\"elementor-element elementor-element-eb3ff0a e-grid e-con-boxed e-con e-parent\" data-id=\"eb3ff0a\" data-element_type=\"container\">\n\t\t\t\t\t<div class=\"e-con-inner\">\n\t\t\t\t<div class=\"elementor-element elementor-element-b08a92e elementor-widget elementor-widget-image\" data-id=\"b08a92e\" data-element_type=\"widget\" data-widget_type=\"image.default\">\n\t\t\t\t<div class=\"elementor-widget-container\">\n\t\t\t\t\t\t\t\t\t\t\t\t\t\t\t<img fetchpriority=\"high\" decoding=\"async\" width=\"425\" height=\"283\" src=\"https:\/\/jungtech.com.pl\/wp-content\/uploads\/2025\/01\/logojung.jpg\" class=\"attachment-large size-large wp-image-10\" alt=\"\" srcset=\"https:\/\/jungtech.com.pl\/wp-content\/uploads\/2025\/01\/logojung.jpg 425w, https:\/\/jungtech.com.pl\/wp-content\/uploads\/2025\/01\/logojung-300x200.jpg 300w\" sizes=\"(max-width: 425px) 100vw, 425px\" \/>\t\t\t\t\t\t\t\t\t\t\t\t\t\t\t<\/div>\n\t\t\t\t<\/div>\n\t\t\t\t<div class=\"elementor-element elementor-element-b46cf6a elementor-widget elementor-widget-heading\" data-id=\"b46cf6a\" data-element_type=\"widget\" data-widget_type=\"heading.default\">\n\t\t\t\t<div class=\"elementor-widget-container\">\n\t\t\t\t\t<h1 class=\"elementor-heading-title elementor-size-default\">Nasza firma zajmuje si\u0119 produkcj\u0105 element\u00f3w metalowych dla wymagaj\u0105cych klient\u00f3w. Z nami zrealizujesz projekt od rysunku przez proces produkcyjny po profesjonalne wyko\u0144czenie.<\/h1>\t\t\t\t<\/div>\n\t\t\t\t<\/div>\n\t\t\t\t\t<\/div>\n\t\t\t\t<\/div>\n\t\t<div class=\"elementor-element elementor-element-5bd2ee9 e-flex e-con-boxed e-con e-parent\" data-id=\"5bd2ee9\" data-element_type=\"container\">\n\t\t\t\t\t<div class=\"e-con-inner\">\n\t\t\t\t<div class=\"elementor-element elementor-element-f56404c elementor-widget-divider--view-line elementor-widget elementor-widget-divider\" data-id=\"f56404c\" data-element_type=\"widget\" data-widget_type=\"divider.default\">\n\t\t\t\t<div class=\"elementor-widget-container\">\n\t\t\t\t\t\t\t<div class=\"elementor-divider\">\n\t\t\t<span class=\"elementor-divider-separator\">\n\t\t\t\t\t\t<\/span>\n\t\t<\/div>\n\t\t\t\t\t\t<\/div>\n\t\t\t\t<\/div>\n\t\t\t\t\t<\/div>\n\t\t\t\t<\/div>\n\t\t<div class=\"elementor-element elementor-element-1c2bd59 e-grid e-con-boxed e-con e-parent\" data-id=\"1c2bd59\" data-element_type=\"container\">\n\t\t\t\t\t<div class=\"e-con-inner\">\n\t\t\t\t<div class=\"elementor-element elementor-element-18ebea6 elementor-widget elementor-widget-heading\" data-id=\"18ebea6\" data-element_type=\"widget\" data-widget_type=\"heading.default\">\n\t\t\t\t<div class=\"elementor-widget-container\">\n\t\t\t\t\t<h1 class=\"elementor-heading-title elementor-size-default\">Aluminiowe skrzynie transportowe, w pe\u0142ni wodoszczelne i antyw\u0142amaniowe.<\/h1>\t\t\t\t<\/div>\n\t\t\t\t<\/div>\n\t\t\t\t<div class=\"elementor-element elementor-element-83f70e3 elementor-widget elementor-widget-image\" data-id=\"83f70e3\" data-element_type=\"widget\" data-widget_type=\"image.default\">\n\t\t\t\t<div class=\"elementor-widget-container\">\n\t\t\t\t\t\t\t\t\t\t\t\t\t\t\t<img decoding=\"async\" width=\"768\" height=\"1024\" src=\"https:\/\/jungtech.com.pl\/wp-content\/uploads\/2025\/01\/FB_IMG_1728070825955-768x1024.jpg\" class=\"attachment-large size-large wp-image-24\" alt=\"\" srcset=\"https:\/\/jungtech.com.pl\/wp-content\/uploads\/2025\/01\/FB_IMG_1728070825955-768x1024.jpg 768w, https:\/\/jungtech.com.pl\/wp-content\/uploads\/2025\/01\/FB_IMG_1728070825955-225x300.jpg 225w, https:\/\/jungtech.com.pl\/wp-content\/uploads\/2025\/01\/FB_IMG_1728070825955.jpg 1080w\" sizes=\"(max-width: 768px) 100vw, 768px\" \/>\t\t\t\t\t\t\t\t\t\t\t\t\t\t\t<\/div>\n\t\t\t\t<\/div>\n\t\t\t\t\t<\/div>\n\t\t\t\t<\/div>\n\t\t<div class=\"elementor-element elementor-element-a05fa94 e-flex e-con-boxed e-con e-parent\" data-id=\"a05fa94\" data-element_type=\"container\">\n\t\t\t\t\t<div class=\"e-con-inner\">\n\t\t\t\t<div class=\"elementor-element elementor-element-110e962 elementor-widget-divider--view-line elementor-widget elementor-widget-divider\" data-id=\"110e962\" data-element_type=\"widget\" data-widget_type=\"divider.default\">\n\t\t\t\t<div class=\"elementor-widget-container\">\n\t\t\t\t\t\t\t<div class=\"elementor-divider\">\n\t\t\t<span class=\"elementor-divider-separator\">\n\t\t\t\t\t\t<\/span>\n\t\t<\/div>\n\t\t\t\t\t\t<\/div>\n\t\t\t\t<\/div>\n\t\t\t\t\t<\/div>\n\t\t\t\t<\/div>\n\t\t<div class=\"elementor-element elementor-element-477675c e-grid e-con-boxed e-con e-parent\" data-id=\"477675c\" data-element_type=\"container\">\n\t\t\t\t\t<div class=\"e-con-inner\">\n\t\t\t\t<div class=\"elementor-element elementor-element-b716397 elementor-widget elementor-widget-image\" data-id=\"b716397\" data-element_type=\"widget\" data-widget_type=\"image.default\">\n\t\t\t\t<div class=\"elementor-widget-container\">\n\t\t\t\t\t\t\t\t\t\t\t\t\t\t\t<img decoding=\"async\" width=\"800\" height=\"600\" src=\"https:\/\/jungtech.com.pl\/wp-content\/uploads\/2025\/01\/IMG_20240422_141011-1024x768.jpg\" class=\"attachment-large size-large wp-image-30\" alt=\"\" srcset=\"https:\/\/jungtech.com.pl\/wp-content\/uploads\/2025\/01\/IMG_20240422_141011-1024x768.jpg 1024w, https:\/\/jungtech.com.pl\/wp-content\/uploads\/2025\/01\/IMG_20240422_141011-300x225.jpg 300w, https:\/\/jungtech.com.pl\/wp-content\/uploads\/2025\/01\/IMG_20240422_141011-768x576.jpg 768w, https:\/\/jungtech.com.pl\/wp-content\/uploads\/2025\/01\/IMG_20240422_141011-1536x1152.jpg 1536w, https:\/\/jungtech.com.pl\/wp-content\/uploads\/2025\/01\/IMG_20240422_141011-2048x1536.jpg 2048w\" sizes=\"(max-width: 800px) 100vw, 800px\" \/>\t\t\t\t\t\t\t\t\t\t\t\t\t\t\t<\/div>\n\t\t\t\t<\/div>\n\t\t\t\t<div class=\"elementor-element elementor-element-49253b5 elementor-widget elementor-widget-heading\" data-id=\"49253b5\" data-element_type=\"widget\" data-widget_type=\"heading.default\">\n\t\t\t\t<div class=\"elementor-widget-container\">\n\t\t\t\t\t<h1 class=\"elementor-heading-title elementor-size-default\">Zawiasy nierdzewne standardowe i nietypowe wed\u0142ug zapotrzebowania oraz projektu.<\/h1>\t\t\t\t<\/div>\n\t\t\t\t<\/div>\n\t\t\t\t\t<\/div>\n\t\t\t\t<\/div>\n\t\t<div class=\"elementor-element elementor-element-bf8f542 e-flex e-con-boxed e-con e-parent\" data-id=\"bf8f542\" data-element_type=\"container\">\n\t\t\t\t\t<div class=\"e-con-inner\">\n\t\t\t\t<div class=\"elementor-element elementor-element-ae7f8b7 elementor-widget-divider--view-line elementor-widget elementor-widget-divider\" data-id=\"ae7f8b7\" data-element_type=\"widget\" data-widget_type=\"divider.default\">\n\t\t\t\t<div class=\"elementor-widget-container\">\n\t\t\t\t\t\t\t<div class=\"elementor-divider\">\n\t\t\t<span class=\"elementor-divider-separator\">\n\t\t\t\t\t\t<\/span>\n\t\t<\/div>\n\t\t\t\t\t\t<\/div>\n\t\t\t\t<\/div>\n\t\t\t\t\t<\/div>\n\t\t\t\t<\/div>\n\t\t<div class=\"elementor-element elementor-element-00144ea e-grid e-con-boxed e-con e-parent\" data-id=\"00144ea\" data-element_type=\"container\">\n\t\t\t\t\t<div class=\"e-con-inner\">\n\t\t\t\t<div class=\"elementor-element elementor-element-f7375e6 elementor-widget elementor-widget-heading\" data-id=\"f7375e6\" data-element_type=\"widget\" data-widget_type=\"heading.default\">\n\t\t\t\t<div class=\"elementor-widget-container\">\n\t\t\t\t\t<h1 class=\"elementor-heading-title elementor-size-default\">Cz\u0119\u015bci metalowe z blach i profili dla przemys\u0142u.<\/h1>\t\t\t\t<\/div>\n\t\t\t\t<\/div>\n\t\t\t\t<div class=\"elementor-element elementor-element-2dd5e3b elementor-widget elementor-widget-image\" data-id=\"2dd5e3b\" data-element_type=\"widget\" data-widget_type=\"image.default\">\n\t\t\t\t<div class=\"elementor-widget-container\">\n\t\t\t\t\t\t\t\t\t\t\t\t\t\t\t<img loading=\"lazy\" decoding=\"async\" width=\"800\" height=\"600\" src=\"https:\/\/jungtech.com.pl\/wp-content\/uploads\/2025\/01\/IMG_20211210_140201-1024x768.jpg\" class=\"attachment-large size-large wp-image-26\" alt=\"\" srcset=\"https:\/\/jungtech.com.pl\/wp-content\/uploads\/2025\/01\/IMG_20211210_140201-1024x768.jpg 1024w, https:\/\/jungtech.com.pl\/wp-content\/uploads\/2025\/01\/IMG_20211210_140201-300x225.jpg 300w, https:\/\/jungtech.com.pl\/wp-content\/uploads\/2025\/01\/IMG_20211210_140201-768x576.jpg 768w, https:\/\/jungtech.com.pl\/wp-content\/uploads\/2025\/01\/IMG_20211210_140201-1536x1152.jpg 1536w, https:\/\/jungtech.com.pl\/wp-content\/uploads\/2025\/01\/IMG_20211210_140201-2048x1536.jpg 2048w\" sizes=\"(max-width: 800px) 100vw, 800px\" \/>\t\t\t\t\t\t\t\t\t\t\t\t\t\t\t<\/div>\n\t\t\t\t<\/div>\n\t\t\t\t\t<\/div>\n\t\t\t\t<\/div>\n\t\t<div class=\"elementor-element elementor-element-15c456a e-flex e-con-boxed e-con e-parent\" data-id=\"15c456a\" data-element_type=\"container\">\n\t\t\t\t\t<div class=\"e-con-inner\">\n\t\t\t\t<div class=\"elementor-element elementor-element-3f42378 elementor-widget-divider--view-line elementor-widget elementor-widget-divider\" data-id=\"3f42378\" data-element_type=\"widget\" data-widget_type=\"divider.default\">\n\t\t\t\t<div class=\"elementor-widget-container\">\n\t\t\t\t\t\t\t<div class=\"elementor-divider\">\n\t\t\t<span class=\"elementor-divider-separator\">\n\t\t\t\t\t\t<\/span>\n\t\t<\/div>\n\t\t\t\t\t\t<\/div>\n\t\t\t\t<\/div>\n\t\t\t\t\t<\/div>\n\t\t\t\t<\/div>\n\t\t<div class=\"elementor-element elementor-element-43fa551 e-grid e-con-boxed e-con e-parent\" data-id=\"43fa551\" data-element_type=\"container\">\n\t\t\t\t\t<div class=\"e-con-inner\">\n\t\t\t\t<div class=\"elementor-element elementor-element-1bceafa elementor-widget elementor-widget-image\" data-id=\"1bceafa\" data-element_type=\"widget\" data-widget_type=\"image.default\">\n\t\t\t\t<div class=\"elementor-widget-container\">\n\t\t\t\t\t\t\t\t\t\t\t\t\t\t\t<img loading=\"lazy\" decoding=\"async\" width=\"768\" height=\"1024\" src=\"https:\/\/jungtech.com.pl\/wp-content\/uploads\/2025\/01\/IMG_20240419_120546-768x1024.jpg\" class=\"attachment-large size-large wp-image-35\" alt=\"\" srcset=\"https:\/\/jungtech.com.pl\/wp-content\/uploads\/2025\/01\/IMG_20240419_120546-768x1024.jpg 768w, https:\/\/jungtech.com.pl\/wp-content\/uploads\/2025\/01\/IMG_20240419_120546-225x300.jpg 225w, https:\/\/jungtech.com.pl\/wp-content\/uploads\/2025\/01\/IMG_20240419_120546-1152x1536.jpg 1152w, https:\/\/jungtech.com.pl\/wp-content\/uploads\/2025\/01\/IMG_20240419_120546-1536x2048.jpg 1536w, https:\/\/jungtech.com.pl\/wp-content\/uploads\/2025\/01\/IMG_20240419_120546-scaled.jpg 1920w\" sizes=\"(max-width: 768px) 100vw, 768px\" \/>\t\t\t\t\t\t\t\t\t\t\t\t\t\t\t<\/div>\n\t\t\t\t<\/div>\n\t\t\t\t<div class=\"elementor-element elementor-element-99a62e5 elementor-widget elementor-widget-heading\" data-id=\"99a62e5\" data-element_type=\"widget\" data-widget_type=\"heading.default\">\n\t\t\t\t<div class=\"elementor-widget-container\">\n\t\t\t\t\t<h1 class=\"elementor-heading-title elementor-size-default\">Naprawy bierz\u0105ce i remonty kapitalne przyczepek samochodowych.<\/h1>\t\t\t\t<\/div>\n\t\t\t\t<\/div>\n\t\t\t\t\t<\/div>\n\t\t\t\t<\/div>\n\t\t<div class=\"elementor-element elementor-element-5888b69 e-flex e-con-boxed e-con e-parent\" data-id=\"5888b69\" data-element_type=\"container\">\n\t\t\t\t\t<div class=\"e-con-inner\">\n\t\t\t\t<div class=\"elementor-element elementor-element-ca3e15c elementor-widget-divider--view-line elementor-widget elementor-widget-divider\" data-id=\"ca3e15c\" data-element_type=\"widget\" data-widget_type=\"divider.default\">\n\t\t\t\t<div class=\"elementor-widget-container\">\n\t\t\t\t\t\t\t<div class=\"elementor-divider\">\n\t\t\t<span class=\"elementor-divider-separator\">\n\t\t\t\t\t\t<\/span>\n\t\t<\/div>\n\t\t\t\t\t\t<\/div>\n\t\t\t\t<\/div>\n\t\t\t\t\t<\/div>\n\t\t\t\t<\/div>\n\t\t<div class=\"elementor-element elementor-element-c8afb32 e-grid e-con-boxed e-con e-parent\" data-id=\"c8afb32\" data-element_type=\"container\">\n\t\t\t\t\t<div class=\"e-con-inner\">\n\t\t\t\t<div class=\"elementor-element elementor-element-165e14b elementor-widget elementor-widget-text-editor\" data-id=\"165e14b\" data-element_type=\"widget\" data-widget_type=\"text-editor.default\">\n\t\t\t\t<div class=\"elementor-widget-container\">\n\t\t\t\t\t\t\t\t\t<p><strong>JUNGTECH Aneta Jung<\/strong><\/p><p><strong>nip.\u00a0 \u00a0 \u00a0 8171968652<\/strong><\/p><p><strong>tel. \u00a0 \u00a0 \u00a0 604534598<\/strong><\/p><p><strong>tel.\u00a0 \u00a0 \u00a0 \u00a0604783081<\/strong><\/p><p><strong>email:\u00a0 \u00a0biuro@jungtech.com.pl<\/strong><\/p><p><strong>\u00a0 \u00a0 \u00a0 \u00a0 \u00a0 \u00a0 \u00a0biuro@jungtech.pl<\/strong><\/p>\t\t\t\t\t\t\t\t<\/div>\n\t\t\t\t<\/div>\n\t\t\t\t<div class=\"elementor-element elementor-element-f29cc6a elementor-widget elementor-widget-google_maps\" data-id=\"f29cc6a\" data-element_type=\"widget\" data-widget_type=\"google_maps.default\">\n\t\t\t\t<div class=\"elementor-widget-container\">\n\t\t\t\t\t\t\t<div class=\"elementor-custom-embed\">\n\t\t\t<iframe loading=\"lazy\"\n\t\t\t\t\tsrc=\"https:\/\/maps.google.com\/maps?q=Mielec%2C%20ul.%20Szybowcowa%206%20A&#038;t=m&#038;z=10&#038;output=embed&#038;iwloc=near\"\n\t\t\t\t\ttitle=\"Mielec, ul. Szybowcowa 6 A\"\n\t\t\t\t\taria-label=\"Mielec, ul. Szybowcowa 6 A\"\n\t\t\t><\/iframe>\n\t\t<\/div>\n\t\t\t\t\t\t<\/div>\n\t\t\t\t<\/div>\n\t\t\t\t\t<\/div>\n\t\t\t\t<\/div>\n\t\t<div class=\"elementor-element elementor-element-5c3a3ec e-flex e-con-boxed e-con e-parent\" data-id=\"5c3a3ec\" data-element_type=\"container\">\n\t\t\t\t\t<div class=\"e-con-inner\">\n\t\t\t\t<div class=\"elementor-element elementor-element-1205791 elementor-widget-divider--view-line elementor-widget elementor-widget-divider\" data-id=\"1205791\" data-element_type=\"widget\" data-widget_type=\"divider.default\">\n\t\t\t\t<div class=\"elementor-widget-container\">\n\t\t\t\t\t\t\t<div class=\"elementor-divider\">\n\t\t\t<span class=\"elementor-divider-separator\">\n\t\t\t\t\t\t<\/span>\n\t\t<\/div>\n\t\t\t\t\t\t<\/div>\n\t\t\t\t<\/div>\n\t\t\t\t\t<\/div>\n\t\t\t\t<\/div>\n\t\t<div class=\"elementor-element elementor-element-c493f75 e-grid e-con-boxed e-con e-parent\" data-id=\"c493f75\" data-element_type=\"container\">\n\t\t\t\t\t<div class=\"e-con-inner\">\n\t\t\t\t<div class=\"elementor-element elementor-element-1e4fb11 elementor-button-info elementor-align-center elementor-widget elementor-widget-button\" data-id=\"1e4fb11\" data-element_type=\"widget\" data-widget_type=\"button.default\">\n\t\t\t\t<div class=\"elementor-widget-container\">\n\t\t\t\t\t\t\t\t\t<div class=\"elementor-button-wrapper\">\n\t\t\t\t\t<a class=\"elementor-button elementor-button-link elementor-size-sm\" href=\"#?page_id=1\" target=\"_blank\" rel=\"nofollow\">\n\t\t\t\t\t\t<span class=\"elementor-button-content-wrapper\">\n\t\t\t\t\t\t\t\t\t<span class=\"elementor-button-text\">polityka prywatno\u015bci<\/span>\n\t\t\t\t\t<\/span>\n\t\t\t\t\t<\/a>\n\t\t\t\t<\/div>\n\t\t\t\t\t\t\t\t<\/div>\n\t\t\t\t<\/div>\n\t\t\t\t\t<\/div>\n\t\t\t\t<\/div>\n\t\t\t\t<\/div>\n\t\t","protected":false},"excerpt":{"rendered":"<p>Nasza firma zajmuje si\u0119 produkcj\u0105 element\u00f3w metalowych dla wymagaj\u0105cych klient\u00f3w. Z nami zrealizujesz projekt od rysunku przez proces produkcyjny po profesjonalne wyko\u0144czenie. Aluminiowe skrzynie transportowe, w pe\u0142ni wodoszczelne i antyw\u0142amaniowe. Zawiasy nierdzewne standardowe i nietypowe wed\u0142ug zapotrzebowania oraz projektu. Cz\u0119\u015bci metalowe z blach i profili dla przemys\u0142u. Naprawy bierz\u0105ce i remonty kapitalne przyczepek samochodowych. JUNGTECH [&hellip;]<\/p>\n","protected":false},"author":1,"featured_media":0,"parent":0,"menu_order":0,"comment_status":"closed","ping_status":"closed","template":"elementor_canvas","meta":{"footnotes":""},"class_list":["post-6","page","type-page","status-publish","hentry"],"_links":{"self":[{"href":"https:\/\/jungtech.com.pl\/index.php?rest_route=\/wp\/v2\/pages\/6","targetHints":{"allow":["GET"]}}],"collection":[{"href":"https:\/\/jungtech.com.pl\/index.php?rest_route=\/wp\/v2\/pages"}],"about":[{"href":"https:\/\/jungtech.com.pl\/index.php?rest_route=\/wp\/v2\/types\/page"}],"author":[{"embeddable":true,"href":"https:\/\/jungtech.com.pl\/index.php?rest_route=\/wp\/v2\/users\/1"}],"replies":[{"embeddable":true,"href":"https:\/\/jungtech.com.pl\/index.php?rest_route=%2Fwp%2Fv2%2Fcomments&post=6"}],"version-history":[{"count":34,"href":"https:\/\/jungtech.com.pl\/index.php?rest_route=\/wp\/v2\/pages\/6\/revisions"}],"predecessor-version":[{"id":129,"href":"https:\/\/jungtech.com.pl\/index.php?rest_route=\/wp\/v2\/pages\/6\/revisions\/129"}],"wp:attachment":[{"href":"https:\/\/jungtech.com.pl\/index.php?rest_route=%2Fwp%2Fv2%2Fmedia&parent=6"}],"curies":[{"name":"wp","href":"https:\/\/api.w.org\/{rel}","templated":true}]}}